{"id":1972,"date":"2016-11-14T13:41:11","date_gmt":"2016-11-14T13:41:11","guid":{"rendered":"http:\/\/items.lifeinsys.com\/item\/beatswavewp\/white\/?page_id=1972"},"modified":"2023-04-15T17:42:38","modified_gmt":"2023-04-15T17:42:38","slug":"bemusterungen","status":"publish","type":"page","link":"https:\/\/pool-charts.de\/wp\/bemusterungen\/","title":{"rendered":"Bemusterungen"},"content":{"rendered":"<p>[vc_row][vc_column][vc_column_text]                               \r\n                                    <div style=\"float:left;margin:5px;\">\r\n<a href=\"https:\/\/pool-charts.de\/wp\/bemusterung\/?bm=26484\"><img decoding=\"async\" src=\"https:\/\/dj-promotionpool.de\/dat\/cover_26484.jpg\" alt=\"Elvira Fischer - Tu es einfach nochmal\" title=\"Elvira Fischer - Tu es einfach nochmal\" style=\"height: auto; max-width: 100%;\"><\/a>\r\n\r\n                                        <\/div>\r\n                               \r\n                                    <div style=\"float:left;margin:5px;\">\r\n<a href=\"https:\/\/pool-charts.de\/wp\/bemusterung\/?bm=26483\"><img decoding=\"async\" src=\"https:\/\/dj-promotionpool.de\/dat\/cover_26483.jpg\" alt=\"Martina Westermann - Superweib\" title=\"Martina Westermann - Superweib\" style=\"height: auto; max-width: 100%;\"><\/a>\r\n\r\n                                        <\/div>\r\n                               \r\n                                    <div style=\"float:left;margin:5px;\">\r\n<a href=\"https:\/\/pool-charts.de\/wp\/bemusterung\/?bm=26482\"><img decoding=\"async\" src=\"https:\/\/dj-promotionpool.de\/dat\/cover_26482.jpg\" alt=\"Pat - Wenn die Liebe dich packt\" title=\"Pat - Wenn die Liebe dich packt\" style=\"height: auto; max-width: 100%;\"><\/a>\r\n\r\n                                        <\/div>\r\n                               \r\n                                    <div style=\"float:left;margin:5px;\">\r\n<a href=\"https:\/\/pool-charts.de\/wp\/bemusterung\/?bm=26481\"><img decoding=\"async\" src=\"https:\/\/dj-promotionpool.de\/dat\/cover_26481.jpg\" alt=\"Oliver Fischer - Was ist mit meinem Herz jetzt los\" title=\"Oliver Fischer - Was ist mit meinem Herz jetzt los\" style=\"height: auto; max-width: 100%;\"><\/a>\r\n\r\n                                        <\/div>\r\n                               \r\n                                    <div style=\"float:left;margin:5px;\">\r\n<a href=\"https:\/\/pool-charts.de\/wp\/bemusterung\/?bm=26465\"><img decoding=\"async\" src=\"https:\/\/dj-promotionpool.de\/dat\/cover_26465.jpg\" alt=\"Michael Wendler - Unzerst\u00f6rbar\" title=\"Michael Wendler - Unzerst\u00f6rbar\" style=\"height: auto; max-width: 100%;\"><\/a>\r\n\r\n                                        <\/div>\r\n                               \r\n                                    <div style=\"float:left;margin:5px;\">\r\n<a href=\"https:\/\/pool-charts.de\/wp\/bemusterung\/?bm=26420\"><img decoding=\"async\" src=\"https:\/\/dj-promotionpool.de\/dat\/cover_26420.jpg\" alt=\"Pascal Vogt - Danke\" title=\"Pascal Vogt - Danke\" style=\"height: auto; max-width: 100%;\"><\/a>\r\n\r\n                                        <\/div>\r\n                               \r\n                                    <div style=\"float:left;margin:5px;\">\r\n<a href=\"https:\/\/pool-charts.de\/wp\/bemusterung\/?bm=26461\"><img decoding=\"async\" src=\"https:\/\/dj-promotionpool.de\/dat\/cover_26461.jpg\" alt=\"Helmuts Party Project - Malle ruft\" title=\"Helmuts Party Project - Malle ruft\" style=\"height: auto; max-width: 100%;\"><\/a>\r\n\r\n                                        <\/div>\r\n                               \r\n                                    <div style=\"float:left;margin:5px;\">\r\n<a href=\"https:\/\/pool-charts.de\/wp\/bemusterung\/?bm=26459\"><img decoding=\"async\" src=\"https:\/\/dj-promotionpool.de\/dat\/cover_26459.jpg\" alt=\"Katharina Herz - Gedankentaxi\" title=\"Katharina Herz - Gedankentaxi\" style=\"height: auto; max-width: 100%;\"><\/a>\r\n\r\n                                        <\/div>\r\n                               \r\n                                    <div style=\"float:left;margin:5px;\">\r\n<a href=\"https:\/\/pool-charts.de\/wp\/bemusterung\/?bm=26457\"><img decoding=\"async\" src=\"https:\/\/dj-promotionpool.de\/dat\/cover_26457.jpg\" alt=\"Ria Maria - Im Tretboot nach Griechenland\" title=\"Ria Maria - Im Tretboot nach Griechenland\" style=\"height: auto; max-width: 100%;\"><\/a>\r\n\r\n                                        <\/div>\r\n                               \r\n                                    <div style=\"float:left;margin:5px;\">\r\n<a href=\"https:\/\/pool-charts.de\/wp\/bemusterung\/?bm=26445\"><img decoding=\"async\" src=\"https:\/\/dj-promotionpool.de\/dat\/cover_26445.jpg\" alt=\"Janine Frei - Das ist deine Nacht\" title=\"Janine Frei - Das ist deine Nacht\" style=\"height: auto; max-width: 100%;\"><\/a>\r\n\r\n                                        <\/div>\r\n                               \r\n                                    <div style=\"float:left;margin:5px;\">\r\n<a href=\"https:\/\/pool-charts.de\/wp\/bemusterung\/?bm=26444\"><img decoding=\"async\" src=\"https:\/\/dj-promotionpool.de\/dat\/cover_26444.jpg\" alt=\"Olaf Henning - Liebe auf Mallorca\" title=\"Olaf Henning - Liebe auf Mallorca\" style=\"height: auto; max-width: 100%;\"><\/a>\r\n\r\n                                        <\/div>\r\n                               \r\n                                    <div style=\"float:left;margin:5px;\">\r\n<a href=\"https:\/\/pool-charts.de\/wp\/bemusterung\/?bm=26443\"><img decoding=\"async\" src=\"https:\/\/dj-promotionpool.de\/dat\/cover_26443.jpg\" alt=\"Andre Gold - In meinem Kopf\" title=\"Andre Gold - In meinem Kopf\" style=\"height: auto; max-width: 100%;\"><\/a>\r\n\r\n                                        <\/div>\r\n                               \r\n                                    <div style=\"float:left;margin:5px;\">\r\n<a href=\"https:\/\/pool-charts.de\/wp\/bemusterung\/?bm=26442\"><img decoding=\"async\" src=\"https:\/\/dj-promotionpool.de\/dat\/cover_26442.jpg\" alt=\"Damiano Maiolini - Gewinner sein\" title=\"Damiano Maiolini - Gewinner sein\" style=\"height: auto; max-width: 100%;\"><\/a>\r\n\r\n                                        <\/div>\r\n                               \r\n                                    <div style=\"float:left;margin:5px;\">\r\n<a href=\"https:\/\/pool-charts.de\/wp\/bemusterung\/?bm=26441\"><img decoding=\"async\" src=\"https:\/\/dj-promotionpool.de\/dat\/cover_26441.jpg\" alt=\"NIC - Wenn andere nachts schlafen (Radio Edit)\" title=\"NIC - Wenn andere nachts schlafen (Radio Edit)\" style=\"height: auto; max-width: 100%;\"><\/a>\r\n\r\n                                        <\/div>\r\n                               \r\n                                    <div style=\"float:left;margin:5px;\">\r\n<a href=\"https:\/\/pool-charts.de\/wp\/bemusterung\/?bm=26426\"><img decoding=\"async\" src=\"https:\/\/dj-promotionpool.de\/dat\/cover_26426.jpg\" alt=\"Leben 2.0 feat. Chris Larenz - Tanzen gehn\" title=\"Leben 2.0 feat. Chris Larenz - Tanzen gehn\" style=\"height: auto; max-width: 100%;\"><\/a>\r\n\r\n                                        <\/div>\r\n                               \r\n                                    <div style=\"float:left;margin:5px;\">\r\n<a href=\"https:\/\/pool-charts.de\/wp\/bemusterung\/?bm=26423\"><img decoding=\"async\" src=\"https:\/\/dj-promotionpool.de\/dat\/cover_26423.jpg\" alt=\"Nicci Schubert - Das Leben spielt mit mir\" title=\"Nicci Schubert - Das Leben spielt mit mir\" style=\"height: auto; max-width: 100%;\"><\/a>\r\n\r\n                                        <\/div>\r\n                               \r\n                                    <div style=\"float:left;margin:5px;\">\r\n<a href=\"https:\/\/pool-charts.de\/wp\/bemusterung\/?bm=26419\"><img decoding=\"async\" src=\"https:\/\/dj-promotionpool.de\/dat\/cover_26419.jpg\" alt=\"Marleen - Chaoten wie wir\" title=\"Marleen - Chaoten wie wir\" style=\"height: auto; max-width: 100%;\"><\/a>\r\n\r\n                                        <\/div>\r\n                               \r\n                                    <div style=\"float:left;margin:5px;\">\r\n<a href=\"https:\/\/pool-charts.de\/wp\/bemusterung\/?bm=26381\"><img decoding=\"async\" src=\"https:\/\/dj-promotionpool.de\/dat\/cover_26381.jpg\" alt=\"Alisha - Leider nein\" title=\"Alisha - Leider nein\" style=\"height: auto; max-width: 100%;\"><\/a>\r\n\r\n                                        <\/div>\r\n                               \r\n                                    <div style=\"float:left;margin:5px;\">\r\n<a href=\"https:\/\/pool-charts.de\/wp\/bemusterung\/?bm=26371\"><img decoding=\"async\" src=\"https:\/\/dj-promotionpool.de\/dat\/cover_26371.jpg\" alt=\"Ramona Martiness - Erz\u00e4hl mir sch\u00f6ne L\u00fcgen (Remix)\" title=\"Ramona Martiness - Erz\u00e4hl mir sch\u00f6ne L\u00fcgen (Remix)\" style=\"height: auto; max-width: 100%;\"><\/a>\r\n\r\n                                        <\/div>\r\n                               \r\n                                    <div style=\"float:left;margin:5px;\">\r\n<a href=\"https:\/\/pool-charts.de\/wp\/bemusterung\/?bm=26370\"><img decoding=\"async\" src=\"https:\/\/dj-promotionpool.de\/dat\/cover_26370.jpg\" alt=\"Liane - K\u00fcss mich bis der Morgen kommt\" title=\"Liane - K\u00fcss mich bis der Morgen kommt\" style=\"height: auto; max-width: 100%;\"><\/a>\r\n\r\n                                        <\/div>\r\n                               \r\n                                    <div style=\"float:left;margin:5px;\">\r\n<a href=\"https:\/\/pool-charts.de\/wp\/bemusterung\/?bm=26435\"><img decoding=\"async\" src=\"https:\/\/dj-promotionpool.de\/dat\/cover_26435.jpg\" alt=\"Vincent Gross - Hasentanz\" title=\"Vincent Gross - Hasentanz\" style=\"height: auto; max-width: 100%;\"><\/a>\r\n\r\n                                        <\/div>\r\n<div style=\"clear:both;\">\r\n &nbsp; &nbsp;&nbsp; &nbsp; Seite 1 von 240 &nbsp; &nbsp;&nbsp; &nbsp; <a href=?seite=1&e= class='btn btn-large'>vorw&auml;rts<\/a><\/div>[\/vc_column_text][\/vc_column][\/vc_row]<\/p>\n","protected":false},"excerpt":{"rendered":"<p>[vc_row][vc_column][vc_column_text][\/vc_column_text][\/vc_column][\/vc_row]<\/p>\n","protected":false},"author":1,"featured_media":0,"parent":0,"menu_order":0,"comment_status":"closed","ping_status":"closed","template":"","meta":{"_regular_price":[],"currency_symbol":[],"footnotes":""},"class_list":["post-1972","page","type-page","status-publish","hentry"],"post_slider_layout_featured_media_urls":{"thumbnail":"","post_slider_layout_landscape_large":"","post_slider_layout_portrait_large":"","post_slider_layout_square_large":"","post_slider_layout_landscape":"","post_slider_layout_portrait":"","post_slider_layout_square":"","full":""},"_links":{"self":[{"href":"https:\/\/pool-charts.de\/wp\/wp-json\/wp\/v2\/pages\/1972","targetHints":{"allow":["GET"]}}],"collection":[{"href":"https:\/\/pool-charts.de\/wp\/wp-json\/wp\/v2\/pages"}],"about":[{"href":"https:\/\/pool-charts.de\/wp\/wp-json\/wp\/v2\/types\/page"}],"author":[{"embeddable":true,"href":"https:\/\/pool-charts.de\/wp\/wp-json\/wp\/v2\/users\/1"}],"replies":[{"embeddable":true,"href":"https:\/\/pool-charts.de\/wp\/wp-json\/wp\/v2\/comments?post=1972"}],"version-history":[{"count":3,"href":"https:\/\/pool-charts.de\/wp\/wp-json\/wp\/v2\/pages\/1972\/revisions"}],"predecessor-version":[{"id":5367,"href":"https:\/\/pool-charts.de\/wp\/wp-json\/wp\/v2\/pages\/1972\/revisions\/5367"}],"wp:attachment":[{"href":"https:\/\/pool-charts.de\/wp\/wp-json\/wp\/v2\/media?parent=1972"}],"curies":[{"name":"wp","href":"https:\/\/api.w.org\/{rel}","templated":true}]}}